{"id":343,"date":"2016-06-04T01:25:12","date_gmt":"2016-06-03T22:25:12","guid":{"rendered":"http:\/\/pedaspiezemes.com\/?page_id=343"},"modified":"2018-12-29T00:47:48","modified_gmt":"2018-12-28T21:47:48","slug":"sasniegumi","status":"publish","type":"page","link":"http:\/\/pedaspiezemes.com\/index.php\/sasniegumi\/","title":{"rendered":"Pusmaratoni"},"content":{"rendered":"<ol>\n<li><strong>&nbsp;Latvija &#8211; 106.<\/strong> vieta (3735 pusmaratona skr\u0113j\u0113ji). Ofici\u0101lais laiks 1:27:34, Re\u0101lais <strong>1:27:26<\/strong>.&nbsp;Latvija, R\u012bga 2015.<\/li>\n<li><strong>&nbsp;Lietuva &#8211; 52.<\/strong> vieta (1822).&nbsp;Ofici\u0101lais laiks 1:26:27, Re\u0101lais <strong>1:26:14<\/strong>. Lietuva, Vi\u013c\u0146a 2015.<\/li>\n<li><strong>&nbsp;Francija &#8211; 4132.<\/strong> vieta (37028).&nbsp;Ofici\u0101lais laiks 1:51:52, Re\u0101lais <strong>1:36:19<\/strong>. Francija, Par\u012bze 2016.\n<ul>\n<li><strong>&nbsp;120.<\/strong> vieta (3559).&nbsp;Ofici\u0101lais laiks 1:28:33, <strong>Re\u0101lais 1:28:08<\/strong>. Latvija, R\u012bga 2016.<\/li>\n<\/ul>\n<\/li>\n<li><strong>&nbsp;Luksemburga &#8211; 195.<\/strong> vieta (6415). Ofici\u0101lais laiks 1:31:42, Re\u0101lais <strong>1:31:24<\/strong>. Luksemburga, Luksemburgas pils\u0113ta 2016.\n<ul>\n<li><strong>51.<\/strong> vieta (433).&nbsp;Ofici\u0101lais laiks 1:27:25, <strong>Re\u0101lais laiks 1:27:15<\/strong>. Latvija, Kuld\u012bga 2016<\/li>\n<\/ul>\n<\/li>\n<li><strong>Igaunija &#8211; 88.<\/strong> vieta (3216).&nbsp;Ofici\u0101lais laiks 1:28:04, Re\u0101lais laiks <strong>1:28:02. <\/strong>Igaunija, Tallina 2016<\/li>\n<li><strong>Portug\u0101le &#8211; 29.<\/strong> vieta (451). Ofici\u0101lais laiks 1:25:27, Re\u0101lais laiks <strong>1:25:21. <\/strong>Portug\u0101le, Fun\u0161ala (Madeira) 2017\n<ul>\n<li><strong>41<\/strong>. vieta (4015).&nbsp;Ofici\u0101lais laiks 1:22:25, <strong>Re\u0101lais 1:22:12<\/strong>. Latvija, R\u012bga 2017.<\/li>\n<\/ul>\n<\/li>\n<li><strong>Sp\u0101nija &#8211; 53.<\/strong> vieta (13753). Ofici\u0101lais laiks 1:21:25, <strong>Re\u0101lais laiks 1:21:14. <\/strong>Sp\u0101nija, Madride 2018\n<ul>\n<li><strong>24.<\/strong> vieta (461). <strong>Ofici\u0101lais laiks 1:19:42<\/strong>. Latvija, Liep\u0101ja 2018.<\/li>\n<li><strong>30<\/strong>. vieta (4786). Ofici\u0101lais laiks 1:19:09, <strong>Re\u0101lais laiks 1:19:03<\/strong>. Latvija, R\u012bga 2018.<\/li>\n<\/ul>\n<\/li>\n<li><strong>It\u0101lija &#8211; 98<\/strong>. vieta (835).&nbsp;<strong>Ofici\u0101lais laiks 1:21:25<\/strong>. It\u0101lija, Kalj\u0101ri 2018.<\/li>\n<\/ol>\n","protected":false},"excerpt":{"rendered":"<p>&nbsp;Latvija &#8211; 106. vieta (3735 pusmaratona skr\u0113j\u0113ji). Ofici\u0101lais laiks 1:27:34, Re\u0101lais 1:27:26.&nbsp;Latvija, R\u012bga 2015. &nbsp;Lietuva &#8211; 52. vieta (1822).&nbsp;Ofici\u0101lais laiks 1:26:27, Re\u0101lais 1:26:14. Lietuva, Vi\u013c\u0146a 2015. &nbsp;Francija &#8211; 4132. vieta (37028).&nbsp;Ofici\u0101lais laiks 1:51:52, Re\u0101lais 1:36:19. Francija, Par\u012bze 2016. &nbsp;120. vieta (3559).&nbsp;Ofici\u0101lais laiks 1:28:33, Re\u0101lais 1:28:08. Latvija, R\u012bga 2016. &nbsp;Luksemburga &#8211; 195. vieta (6415). Ofici\u0101lais laiks [&hellip;]<\/p>\n","protected":false},"author":1,"featured_media":0,"parent":0,"menu_order":5,"comment_status":"closed","ping_status":"closed","template":"","meta":{"ngg_post_thumbnail":0,"footnotes":""},"class_list":["post-343","page","type-page","status-publish","hentry"],"_links":{"self":[{"href":"http:\/\/pedaspiezemes.com\/index.php\/wp-json\/wp\/v2\/pages\/343","targetHints":{"allow":["GET"]}}],"collection":[{"href":"http:\/\/pedaspiezemes.com\/index.php\/wp-json\/wp\/v2\/pages"}],"about":[{"href":"http:\/\/pedaspiezemes.com\/index.php\/wp-json\/wp\/v2\/types\/page"}],"author":[{"embeddable":true,"href":"http:\/\/pedaspiezemes.com\/index.php\/wp-json\/wp\/v2\/users\/1"}],"replies":[{"embeddable":true,"href":"http:\/\/pedaspiezemes.com\/index.php\/wp-json\/wp\/v2\/comments?post=343"}],"version-history":[{"count":15,"href":"http:\/\/pedaspiezemes.com\/index.php\/wp-json\/wp\/v2\/pages\/343\/revisions"}],"predecessor-version":[{"id":1185,"href":"http:\/\/pedaspiezemes.com\/index.php\/wp-json\/wp\/v2\/pages\/343\/revisions\/1185"}],"wp:attachment":[{"href":"http:\/\/pedaspiezemes.com\/index.php\/wp-json\/wp\/v2\/media?parent=343"}],"curies":[{"name":"wp","href":"https:\/\/api.w.org\/{rel}","templated":true}]}}